{"id":18,"date":"2025-01-28T12:12:11","date_gmt":"2025-01-28T12:12:11","guid":{"rendered":"https:\/\/www.bruns-erdarbeiten.de\/?page_id=18"},"modified":"2025-02-18T14:12:49","modified_gmt":"2025-02-18T14:12:49","slug":"home","status":"publish","type":"page","link":"https:\/\/www.bruns-erdarbeiten.de\/","title":{"rendered":"Home"},"content":{"rendered":"\n<p>Herzlich willkommen !<\/p>\n\n\n\n<p>Auf der neuen Internetseite des Fuhrunternehmen und Tiefbau der Firma Thomas Bruns.<\/p>\n\n\n\n<p>Wir freuen uns \u00fcber Ihren Besuch und m\u00f6chten Ihnen aus folgenden Seiten einen kleinen Einblick in unser Unternehmen sowie in unser Leistungsspektrum gew\u00e4hren. Gerne stehen wir Ihnen bei Fragen, Beauftragung und Bestellung jederzeit zur Verf\u00fcgung. Rufen Sie uns einfach an oder schreiben uns eine Email<\/p>\n\n\n\n<p>MFG<br>Thomas Bruns<\/p>\n\n\n\n<p><\/p>\n","protected":false},"excerpt":{"rendered":"<p>Herzlich willkommen ! Auf der neuen Internetseite des Fuhrunternehmen und Tiefbau der Firma Thomas Bruns. Wir freuen uns \u00fcber Ihren Besuch und m\u00f6chten Ihnen aus folgenden Seiten einen kleinen Einblick in unser Unternehmen sowie in unser Leistungsspektrum gew\u00e4hren. Gerne stehen wir Ihnen bei Fragen, Beauftragung und Bestellung jederzeit zur Verf\u00fcgung. Rufen Sie uns einfach an [&hellip;]<\/p>\n","protected":false},"author":1,"featured_media":0,"parent":0,"menu_order":0,"comment_status":"closed","ping_status":"closed","template":"templates\/template-homepage.php","meta":{"footnotes":""},"class_list":["post-18","page","type-page","status-publish","hentry"],"_links":{"self":[{"href":"https:\/\/www.bruns-erdarbeiten.de\/index.php?rest_route=\/wp\/v2\/pages\/18","targetHints":{"allow":["GET"]}}],"collection":[{"href":"https:\/\/www.bruns-erdarbeiten.de\/index.php?rest_route=\/wp\/v2\/pages"}],"about":[{"href":"https:\/\/www.bruns-erdarbeiten.de\/index.php?rest_route=\/wp\/v2\/types\/page"}],"author":[{"embeddable":true,"href":"https:\/\/www.bruns-erdarbeiten.de\/index.php?rest_route=\/wp\/v2\/users\/1"}],"replies":[{"embeddable":true,"href":"https:\/\/www.bruns-erdarbeiten.de\/index.php?rest_route=%2Fwp%2Fv2%2Fcomments&post=18"}],"version-history":[{"count":7,"href":"https:\/\/www.bruns-erdarbeiten.de\/index.php?rest_route=\/wp\/v2\/pages\/18\/revisions"}],"predecessor-version":[{"id":318,"href":"https:\/\/www.bruns-erdarbeiten.de\/index.php?rest_route=\/wp\/v2\/pages\/18\/revisions\/318"}],"wp:attachment":[{"href":"https:\/\/www.bruns-erdarbeiten.de\/index.php?rest_route=%2Fwp%2Fv2%2Fmedia&parent=18"}],"curies":[{"name":"wp","href":"https:\/\/api.w.org\/{rel}","templated":true}]}}